{"id":38618,"date":"2025-03-28T09:48:45","date_gmt":"2025-03-28T08:48:45","guid":{"rendered":"http:\/\/apostille24.utvmiljo.se\/?page_id=38618"},"modified":"2025-07-02T12:50:06","modified_gmt":"2025-07-02T10:50:06","slug":"notary-public-orebro","status":"publish","type":"page","link":"https:\/\/apostille24.utvmiljo.se\/en\/notary-public-orebro\/","title":{"rendered":"Notary Public \u00d6rebro"},"content":{"rendered":"\t\t<div data-elementor-type=\"wp-page\" data-elementor-id=\"38618\" class=\"elementor elementor-38618\" data-elementor-post-type=\"page\">\n\t\t\t\t<div class=\"elementor-element elementor-element-ddb7beb e-flex e-con-boxed e-con e-parent\" data-id=\"ddb7beb\" data-element_type=\"container\" data-e-type=\"container\">\n\t\t\t\t\t<div class=\"e-con-inner\">\n\t\t\t\t<div class=\"elementor-element elementor-element-c76250e animated-fast cea-tablet-align-center cea-align-left elementor-invisible elementor-widget elementor-widget-ceasectiontitle\" data-id=\"c76250e\" data-element_type=\"widget\" data-e-type=\"widget\" data-settings=\"{&quot;_animation&quot;:&quot;fadeInUp&quot;}\" data-widget_type=\"ceasectiontitle.default\">\n\t\t\t\t<div class=\"elementor-widget-container\">\n\t\t\t\t\t<div class=\"section-title-wrapper\"><div class=\"title-wrap\"><div class=\"sub-title\">Apostille24<\/div><h2 class=\"section-title\">Notary Public \u00d6rebro \u2013 Fast, Simple, and Digital<\/h2><\/div><!-- .title-wrap --><div class=\"section-description\"><p class=\"section-content\">\n<\/p><\/div><!-- .section-description --><\/div><!-- .section-title-wrapper -->\t\t\t\t<\/div>\n\t\t\t\t<\/div>\n\t\t\t\t<div class=\"elementor-element elementor-element-70e211f cea-btn-align-left cea-btn-mobile-align-center elementor-hidden-desktop elementor-hidden-tablet elementor-widget elementor-widget-ceabutton\" data-id=\"70e211f\" data-element_type=\"widget\" data-e-type=\"widget\" data-widget_type=\"ceabutton.default\">\n\t\t\t\t<div class=\"elementor-widget-container cea-button-wrapper\">\r\n\t\t\t\t\t<div class=\"cea-button-wrapper\">\r\n\t\t\t<a href=\"#contact\" class=\"cea-button-link elementor-button cea-button elementor-size-sm\">\r\n\t\t\t\t\t\t<span class=\"cea-button-content-wrapper\">\r\n\t\t\t\t\t\t<span class=\"cea-button-icon cea-align-icon-left\">\r\n\t\t\t\t<i aria-hidden=\"true\" class=\" bi-plus\"><\/i>\t\t\t<\/span>\r\n\t\t\t\t\t\t<span class=\"cea-button-text\">Kontakta Oss<\/span>\r\n\t\t<\/span>\r\n\t\t\t\t\t<\/a>\r\n\t\t<\/div>\r\n\t\t\t\t<\/div>\r\n\t\t\t\t<\/div>\n\t\t\t\t<div class=\"elementor-element elementor-element-dd5fc97 elementor-widget elementor-widget-text-editor\" data-id=\"dd5fc97\" data-element_type=\"widget\" data-e-type=\"widget\" data-widget_type=\"text-editor.default\">\n\t\t\t\t<div class=\"elementor-widget-container\">\n\t\t\t\t\t\t\t\t\t<p><span style=\"font-weight: 400;\">\u00d6rebro, with its rich history and vibrant city life, is a central point in the middle of Sweden. The city attracts both businesses and residents with its combination of innovative spirit and scenic surroundings. In this dynamic environment, the need for efficient and accessible legal services is constantly present. Whether you are a private individual, student at <\/span><a href=\"https:\/\/www.oru.se\/\" rel=\"nofollow noopener\" target=\"_blank\"><span style=\"font-weight: 400;\">\u00d6rebro universitet<\/span><\/a><span style=\"font-weight: 400;\">, or entrepreneur residing in \u00d6rebro, you can rely on our Notary Public to assist you with your legal needs. And now, with Apostille24, accessing these services becomes even smoother \u2013 completely digitally.<\/span><\/p>\t\t\t\t\t\t\t\t<\/div>\n\t\t\t\t<\/div>\n\t\t<div class=\"elementor-element elementor-element-6d81fc5 e-flex e-con-boxed e-con e-child\" data-id=\"6d81fc5\" data-element_type=\"container\" data-e-type=\"container\">\n\t\t\t\t\t<div class=\"e-con-inner\">\n\t\t\t\t<div class=\"elementor-element elementor-element-3c6d3ee boxes-home cea-view-default elementor-widget elementor-widget-ceafeaturebox\" data-id=\"3c6d3ee\" data-element_type=\"widget\" data-e-type=\"widget\" data-widget_type=\"ceafeaturebox.default\">\n\t\t\t\t<div class=\"elementor-widget-container feature-box-wrapper feature-box-classic\">\n\t\t\t<div class=\"feature-box-inner\"><div class=\"fbox-number\">01.<\/div><div class=\"cea-featured-icon cea-elementor-animation\"><i aria-hidden=\"true\" class=\"ti ti-pin\"><\/i><\/div><h4 class=\"feature-box-title\">Upload your documents.<\/h4><\/div>\t\t<\/div>\n\t\t\t\t<\/div>\n\t\t\t\t<div class=\"elementor-element elementor-element-3825166 boxes-home cea-view-default elementor-widget elementor-widget-ceafeaturebox\" data-id=\"3825166\" data-element_type=\"widget\" data-e-type=\"widget\" data-widget_type=\"ceafeaturebox.default\">\n\t\t\t\t<div class=\"elementor-widget-container feature-box-wrapper feature-box-classic\">\n\t\t\t<div class=\"feature-box-inner\"><div class=\"fbox-number\">02.<\/div><div class=\"cea-featured-icon cea-elementor-animation\"><i aria-hidden=\"true\" class=\"ti ti-stamp\"><\/i><\/div><h4 class=\"feature-box-title\">Verify with bankID.<\/h4><\/div>\t\t<\/div>\n\t\t\t\t<\/div>\n\t\t\t\t<div class=\"elementor-element elementor-element-4c8b295 boxes-home cea-view-default elementor-widget elementor-widget-ceafeaturebox\" data-id=\"4c8b295\" data-element_type=\"widget\" data-e-type=\"widget\" data-widget_type=\"ceafeaturebox.default\">\n\t\t\t\t<div class=\"elementor-widget-container feature-box-wrapper feature-box-classic\">\n\t\t\t<div class=\"feature-box-inner\"><div class=\"fbox-number\">03.<\/div><div class=\"cea-featured-icon cea-elementor-animation\"><i aria-hidden=\"true\" class=\" bi-filetype-doc\"><\/i><\/div><h4 class=\"feature-box-title\">Done! Recieve your documents.<\/h4><\/div>\t\t<\/div>\n\t\t\t\t<\/div>\n\t\t\t\t\t<\/div>\n\t\t\t\t<\/div>\n\t\t\t\t\t<\/div>\n\t\t\t\t<\/div>\n\t\t<div class=\"elementor-element elementor-element-6a9ad74 e-flex e-con-boxed e-con e-parent\" data-id=\"6a9ad74\" data-element_type=\"container\" data-e-type=\"container\">\n\t\t\t\t\t<div class=\"e-con-inner\">\n\t\t\t\t<div class=\"elementor-element elementor-element-fc2ba73 animated-fast cea-tablet-align-center cea-align-left elementor-invisible elementor-widget elementor-widget-ceasectiontitle\" data-id=\"fc2ba73\" data-element_type=\"widget\" data-e-type=\"widget\" data-settings=\"{&quot;_animation&quot;:&quot;fadeInUp&quot;}\" data-widget_type=\"ceasectiontitle.default\">\n\t\t\t\t<div class=\"elementor-widget-container\">\n\t\t\t\t\t<div class=\"section-title-wrapper\"><div class=\"title-wrap\"><h2 class=\"section-title\">What can a Notary Public in \u00d6rebro help you with?<\/h2><\/div><!-- .title-wrap --><div class=\"section-description\"><\/div><!-- .section-description --><\/div><!-- .section-title-wrapper -->\t\t\t\t<\/div>\n\t\t\t\t<\/div>\n\t\t\t\t<div class=\"elementor-element elementor-element-de652b0 elementor-widget elementor-widget-text-editor\" data-id=\"de652b0\" data-element_type=\"widget\" data-e-type=\"widget\" data-widget_type=\"text-editor.default\">\n\t\t\t\t<div class=\"elementor-widget-container\">\n\t\t\t\t\t\t\t\t\t<p><span style=\"font-weight: 400;\">A Notary Public is an independent lawyer appointed by the County Administrative Board (<\/span><a href=\"https:\/\/www.lansstyrelsen.se\/stockholm\/samhalle\/tillstand-for-att-utova-verksamhet\/notarius-publicus.html\" rel=\"nofollow noopener\" target=\"_blank\"><span style=\"font-weight: 400;\">L\u00e4nsstyrelsen<\/span><\/a><span style=\"font-weight: 400;\">) to ensure the authenticity and validity of important documents. They play a crucial role in guaranteeing that your documents meet all necessary requirements, both within Sweden and internationally.<\/span><\/p>\t\t\t\t\t\t\t\t<\/div>\n\t\t\t\t<\/div>\n\t\t\t\t<div class=\"elementor-element elementor-element-0c8aec9 animated-fast cea-tablet-align-center cea-align-left elementor-invisible elementor-widget elementor-widget-ceasectiontitle\" data-id=\"0c8aec9\" data-element_type=\"widget\" data-e-type=\"widget\" data-settings=\"{&quot;_animation&quot;:&quot;fadeInUp&quot;}\" data-widget_type=\"ceasectiontitle.default\">\n\t\t\t\t<div class=\"elementor-widget-container\">\n\t\t\t\t\t<div class=\"section-title-wrapper\"><div class=\"title-wrap\"><h2 class=\"section-title\">Our services:<\/h2><\/div><!-- .title-wrap --><div class=\"section-description\"><\/div><!-- .section-description --><\/div><!-- .section-title-wrapper -->\t\t\t\t<\/div>\n\t\t\t\t<\/div>\n\t\t\t\t<div class=\"elementor-element elementor-element-e2667fe elementor-widget elementor-widget-text-editor\" data-id=\"e2667fe\" data-element_type=\"widget\" data-e-type=\"widget\" data-widget_type=\"text-editor.default\">\n\t\t\t\t<div class=\"elementor-widget-container\">\n\t\t\t\t\t\t\t\t\t<p><b>Apostille: <\/b><span style=\"font-weight: 400;\">Do you need to legalize a document for use abroad? We issue Apostille stamps in accordance with the <\/span><a href=\"https:\/\/www.hcch.net\/en\/states\/hcch-members\" rel=\"nofollow noopener\" target=\"_blank\"><span style=\"font-weight: 400;\">Hague Convention<\/span><\/a><span style=\"font-weight: 400;\">.<\/span><\/p><p><b>Verification\/Certification\/Notarization: <\/b><span style=\"font-weight: 400;\">We certify that copies of your documents are accurate reproductions of the originals.<\/span><\/p><p><b>Witnessing: <\/b><span style=\"font-weight: 400;\">The Notary Public can witness signatures on contracts and other important documents.<\/span><\/p><p><b>Authorized translations: <\/b><span style=\"font-weight: 400;\">We offer translation services performed by authorized translators.<\/span><\/p><p><b>Powers of attorney: <\/b><span style=\"font-weight: 400;\">Create powers of attorney that give someone else the right to represent you.<\/span><\/p><p><b>Legal advice for businesses: <\/b><span style=\"font-weight: 400;\">We assist businesses with commercial legal matters, such as the legalization of trade documents and the certification of company signatures.<\/span><\/p><p>\u00a0<\/p><p><a href=\"https:\/\/apostille24.utvmiljo.se\/en\/product\/apostille-online\/\"><span style=\"font-weight: 400;\">Click here to see more of our services for Apostille<\/span><\/a><\/p><p><a href=\"https:\/\/apostille24.utvmiljo.se\/en\/product\/notarization\/\/\"><span style=\"font-weight: 400;\">Click here to see more of our services for Notarization<\/span><\/a><\/p>\t\t\t\t\t\t\t\t<\/div>\n\t\t\t\t<\/div>\n\t\t\t\t<div class=\"elementor-element elementor-element-d4c4fac animated-fast cea-tablet-align-center cea-align-left elementor-invisible elementor-widget elementor-widget-ceasectiontitle\" data-id=\"d4c4fac\" data-element_type=\"widget\" data-e-type=\"widget\" data-settings=\"{&quot;_animation&quot;:&quot;fadeInUp&quot;}\" data-widget_type=\"ceasectiontitle.default\">\n\t\t\t\t<div class=\"elementor-widget-container\">\n\t\t\t\t\t<div class=\"section-title-wrapper\"><div class=\"title-wrap\"><h2 class=\"section-title\">Advantages of Apostille24 in \u00d6rebro:<\/h2><\/div><!-- .title-wrap --><div class=\"section-description\"><\/div><!-- .section-description --><\/div><!-- .section-title-wrapper -->\t\t\t\t<\/div>\n\t\t\t\t<\/div>\n\t\t\t\t<div class=\"elementor-element elementor-element-e047a12 elementor-widget elementor-widget-text-editor\" data-id=\"e047a12\" data-element_type=\"widget\" data-e-type=\"widget\" data-widget_type=\"text-editor.default\">\n\t\t\t\t<div class=\"elementor-widget-container\">\n\t\t\t\t\t\t\t\t\t<p><b>100% digital: <\/b><span style=\"font-weight: 400;\">Handle all your notary matters online, anytime and anywhere.<\/span><\/p><p><b>Local expertise: <\/b><span style=\"font-weight: 400;\">Our notaries have in-depth knowledge of the specific requirements that apply in \u00d6rebro and Sweden.<\/span><\/p><p><b>Fast processing: <\/b><span style=\"font-weight: 400;\">We understand the value of your time and strive to handle your matters as quickly as possible. Always within 24 hours, but often faster than that.<\/span><\/p><p><b>Highest security:<\/b><span style=\"font-weight: 400;\"> Your documents and personal data are handled with the utmost confidentiality.<\/span><\/p><p><b>Competitive prices: <\/b><span style=\"font-weight: 400;\">We offer services of the highest quality at reasonable prices.<\/span><\/p><p><b>Dedicated customer support: <\/b><span style=\"font-weight: 400;\">Our team is here to answer your questions and guide you through the process.<\/span><\/p>\t\t\t\t\t\t\t\t<\/div>\n\t\t\t\t<\/div>\n\t\t\t\t<div class=\"elementor-element elementor-element-c0211be animated-fast cea-tablet-align-center cea-align-left elementor-invisible elementor-widget elementor-widget-ceasectiontitle\" data-id=\"c0211be\" data-element_type=\"widget\" data-e-type=\"widget\" data-settings=\"{&quot;_animation&quot;:&quot;fadeInUp&quot;}\" data-widget_type=\"ceasectiontitle.default\">\n\t\t\t\t<div class=\"elementor-widget-container\">\n\t\t\t\t\t<div class=\"section-title-wrapper\"><div class=\"title-wrap\"><h3 class=\"section-title\">Your digital Notary Public in \u00d6rebro<\/h3><\/div><!-- .title-wrap --><div class=\"section-description\"><\/div><!-- .section-description --><\/div><!-- .section-title-wrapper -->\t\t\t\t<\/div>\n\t\t\t\t<\/div>\n\t\t\t\t<div class=\"elementor-element elementor-element-8355357 elementor-widget elementor-widget-text-editor\" data-id=\"8355357\" data-element_type=\"widget\" data-e-type=\"widget\" data-widget_type=\"text-editor.default\">\n\t\t\t\t<div class=\"elementor-widget-container\">\n\t\t\t\t\t\t\t\t\t<p><span style=\"font-weight: 400;\">With Apostille24, you get easy and secure access to a Notary Public in \u00d6rebro. Skip the hassle of booking appointments and visiting physical offices. Handle your legal matters efficiently and conveniently online.<\/span><\/p>\t\t\t\t\t\t\t\t<\/div>\n\t\t\t\t<\/div>\n\t\t\t\t<div class=\"elementor-element elementor-element-e756ba9 animated-fast cea-tablet-align-center cea-align-left elementor-invisible elementor-widget elementor-widget-ceasectiontitle\" data-id=\"e756ba9\" data-element_type=\"widget\" data-e-type=\"widget\" data-settings=\"{&quot;_animation&quot;:&quot;fadeInUp&quot;}\" data-widget_type=\"ceasectiontitle.default\">\n\t\t\t\t<div class=\"elementor-widget-container\">\n\t\t\t\t\t<div class=\"section-title-wrapper\"><div class=\"title-wrap\"><h3 class=\"section-title\">\u00d6rebro \u2013 A city with a forward-thinking spirit<\/h3><\/div><!-- .title-wrap --><div class=\"section-description\"><\/div><!-- .section-description --><\/div><!-- .section-title-wrapper -->\t\t\t\t<\/div>\n\t\t\t\t<\/div>\n\t\t\t\t<div class=\"elementor-element elementor-element-2277e85 elementor-widget elementor-widget-text-editor\" data-id=\"2277e85\" data-element_type=\"widget\" data-e-type=\"widget\" data-widget_type=\"text-editor.default\">\n\t\t\t\t<div class=\"elementor-widget-container\">\n\t\t\t\t\t\t\t\t\t<p><a href=\"https:\/\/www.orebro.se\/\" rel=\"nofollow noopener\" target=\"_blank\"><span style=\"font-weight: 400;\">\u00d6rebro<\/span><\/a><span style=\"font-weight: 400;\"> is a city where innovation and tradition go hand in hand. <\/span><a href=\"http:\/\/apostille24.utvmiljo.se\/\"><span style=\"font-weight: 400;\">Apostille24<\/span><\/a><span style=\"font-weight: 400;\"> is proud to support both private individuals and businesses in \u00d6rebro with our digital notary services. We help you navigate the legal world and achieve your goals.<\/span><\/p>\t\t\t\t\t\t\t\t<\/div>\n\t\t\t\t<\/div>\n\t\t\t\t<div class=\"elementor-element elementor-element-bb2e3c4 animated-fast cea-tablet-align-center cea-align-left elementor-invisible elementor-widget elementor-widget-ceasectiontitle\" data-id=\"bb2e3c4\" data-element_type=\"widget\" data-e-type=\"widget\" data-settings=\"{&quot;_animation&quot;:&quot;fadeInUp&quot;}\" data-widget_type=\"ceasectiontitle.default\">\n\t\t\t\t<div class=\"elementor-widget-container\">\n\t\t\t\t\t<div class=\"section-title-wrapper\"><div class=\"title-wrap\"><h2 class=\"section-title\"><\/h2><\/div><!-- .title-wrap --><div class=\"section-description\"><\/div><!-- .section-description --><\/div><!-- .section-title-wrapper -->\t\t\t\t<\/div>\n\t\t\t\t<\/div>\n\t\t\t\t\t<\/div>\n\t\t\t\t<\/div>\n\t\t\t\t<section class=\"elementor-section elementor-top-section elementor-element elementor-element-f65641b elementor-section-content-middle elementor-section-stretched cus-float-img elementor-section-boxed elementor-section-height-default elementor-section-height-default\" data-id=\"f65641b\" data-element_type=\"section\" data-e-type=\"section\" data-settings=\"{&quot;stretch_section&quot;:&quot;section-stretched&quot;,&quot;background_background&quot;:&quot;classic&quot;}\">\n\t\t\t\t\t\t\t<div class=\"elementor-background-overlay\"><\/div>\n\t\t\t\t\t\t\t<div class=\"elementor-container elementor-column-gap-extended\">\n\t\t\t\t\t<div class=\"elementor-column elementor-col-100 elementor-top-column elementor-element elementor-element-f89f45a\" data-id=\"f89f45a\" data-element_type=\"column\" data-e-type=\"column\">\n\t\t\t<div class=\"elementor-widget-wrap elementor-element-populated\">\n\t\t\t\t\t\t<div class=\"elementor-element elementor-element-acaba61 elementor-widget elementor-widget-ceaaccordion\" data-id=\"acaba61\" data-element_type=\"widget\" data-e-type=\"widget\" data-widget_type=\"ceaaccordion.default\">\n\t\t\t\t\r\n\t\t<div class=\"elementor-widget-container cea-accordion-elementor-widget\" data-toggle=\"\">\r\n\t\t\t<div class=\"cea-accordions\" id=\"cea-accordion-1\"><div class=\"card cea-accordion\"><h4 class=\"card-header cea-accordion-header\"><a class=\"nav-item nav-link active\" href=\"#cea-accordion-1-1\"><span class=\"elementor-accordion-icon elementor-accordion-icon-right\" aria-hidden=\"true\"><span class=\"cea-accordion-icon-closed\"><i class=\" bi-arrow-up-right-circle\"><\/i><\/span><span class=\"cea-accordion-icon-opened\"><i class=\" bi-arrow-down-right-circle-fill\"><\/i><\/span><\/span>What is a Notary Public?<\/a><\/h4><!-- .card-header --><div class=\"cea-accordion-content active\" id=\"cea-accordion-1-1\"><div class=\"card-body\"><div class=\"cea-accordion-pane\"><p>A Notary Public is a publicly appointed and authorized legal professional who has the right to verify and legalize documents and actions.<\/p><\/div><\/div><!-- .card-body --><\/div><!-- .cea-accordion-content --><\/div><!-- .card --><div class=\"card cea-accordion\"><h4 class=\"card-header cea-accordion-header\"><a class=\"nav-item nav-link\" href=\"#cea-accordion-1-2\"><span class=\"elementor-accordion-icon elementor-accordion-icon-right\" aria-hidden=\"true\"><span class=\"cea-accordion-icon-closed\"><i class=\" bi-arrow-up-right-circle\"><\/i><\/span><span class=\"cea-accordion-icon-opened\"><i class=\" bi-arrow-down-right-circle-fill\"><\/i><\/span><\/span>Why should I use a Notary Public?<\/a><\/h4><!-- .card-header --><div class=\"cea-accordion-content\" id=\"cea-accordion-1-2\"><div class=\"card-body\"><div class=\"cea-accordion-pane\"><p>Using a Notary Public is important to verify that a document is authentic and valid. This is particularly crucial in business and legal transactions, as it can provide both parties with extra security and protection. It is often in connection with international matters that a Notary Public is required.<\/p><\/div><\/div><!-- .card-body --><\/div><!-- .cea-accordion-content --><\/div><!-- .card --><div class=\"card cea-accordion\"><h4 class=\"card-header cea-accordion-header\"><a class=\"nav-item nav-link\" href=\"#cea-accordion-1-3\"><span class=\"elementor-accordion-icon elementor-accordion-icon-right\" aria-hidden=\"true\"><span class=\"cea-accordion-icon-closed\"><i class=\" bi-arrow-up-right-circle\"><\/i><\/span><span class=\"cea-accordion-icon-opened\"><i class=\" bi-arrow-down-right-circle-fill\"><\/i><\/span><\/span>What types of documents can be verified by a Notary Public?<\/a><\/h4><!-- .card-header --><div class=\"cea-accordion-content\" id=\"cea-accordion-1-3\"><div class=\"card-body\"><div class=\"cea-accordion-pane\"><p>A Notary Public can verify a wide range of documents, including passport copies, contracts, company documents, marriage certificates, and much more<\/p><\/div><\/div><!-- .card-body --><\/div><!-- .cea-accordion-content --><\/div><!-- .card --><div class=\"card cea-accordion\"><h4 class=\"card-header cea-accordion-header\"><a class=\"nav-item nav-link\" href=\"#cea-accordion-1-4\"><span class=\"elementor-accordion-icon elementor-accordion-icon-right\" aria-hidden=\"true\"><span class=\"cea-accordion-icon-closed\"><i class=\" bi-arrow-up-right-circle\"><\/i><\/span><span class=\"cea-accordion-icon-opened\"><i class=\" bi-arrow-down-right-circle-fill\"><\/i><\/span><\/span>How much does it cost to use a Notary Public?<\/a><\/h4><!-- .card-header --><div class=\"cea-accordion-content\" id=\"cea-accordion-1-4\"><div class=\"card-body\"><div class=\"cea-accordion-pane\"><p>Notarisering kostar 499 kronor. Apostille kostar 499 kronor. Priserna varierar beroende p\u00e5 typen av tj\u00e4nst och plats, men det \u00e4r vanligtvis en fast avgift f\u00f6r varje dokument som verifieras.<\/p><\/div><\/div><!-- .card-body --><\/div><!-- .cea-accordion-content --><\/div><!-- .card --><div class=\"card cea-accordion\"><h4 class=\"card-header cea-accordion-header\"><a class=\"nav-item nav-link\" href=\"#cea-accordion-1-5\"><span class=\"elementor-accordion-icon elementor-accordion-icon-right\" aria-hidden=\"true\"><span class=\"cea-accordion-icon-closed\"><i class=\" bi-arrow-up-right-circle\"><\/i><\/span><span class=\"cea-accordion-icon-opened\"><i class=\" bi-arrow-down-right-circle-fill\"><\/i><\/span><\/span>Why should I choose Apostille24 as Notary Public in \u00d6rebro?<\/a><\/h4><!-- .card-header --><div class=\"cea-accordion-content\" id=\"cea-accordion-1-5\"><div class=\"card-body\"><div class=\"cea-accordion-pane\"><p>At Apostille24.se, you can easily get help with all Notary Public services without visiting a physical office. Our digital platform makes it possible to order powers of attorney, witnessing, certifications, and translations, among others, directly online. We also handle Apostille stamps and notarization of documents quickly and securely.<\/p><p>We offer a fast, smooth, and secure solution for all your Notary Public service needs. Here are a few reasons to choose us:<\/p><p>100% online \u2013 skip unnecessary visits and get everything done digitally<br \/>Fast processing \u2013 get your documents verified and returned quickly, within 24 hours (often faster)<br \/>Expertise &amp; experience \u2013 our specialists handle all types of documents professionally<br \/>Secure handling \u2013 we protect your personal information and documents according to the highest standards.<\/p><p>Contact us for the service you need, and get your documents legally valid \u2013 quickly, smoothly, and efficiently.<\/p><\/div><\/div><!-- .card-body --><\/div><!-- .cea-accordion-content --><\/div><!-- .card --><\/div>\t\t\t\r\n\t\t<\/div>\r\n\t\t\t\t<\/div>\n\t\t\t\t\t<\/div>\n\t\t<\/div>\n\t\t\t\t\t<\/div>\n\t\t<\/section>\n\t\t\t\t<section class=\"elementor-section elementor-top-section elementor-element elementor-element-a99f28d elementor-section-content-middle elementor-section-stretched elementor-section-full_width elementor-section-height-default elementor-section-height-default\" data-id=\"a99f28d\" data-element_type=\"section\" data-e-type=\"section\" data-settings=\"{&quot;stretch_section&quot;:&quot;section-stretched&quot;}\">\n\t\t\t\t\t\t\t<div class=\"elementor-background-overlay\"><\/div>\n\t\t\t\t\t\t\t<div class=\"elementor-container elementor-column-gap-extended\">\n\t\t\t\t\t<div class=\"elementor-column elementor-col-100 elementor-top-column elementor-element elementor-element-8cd492e\" data-id=\"8cd492e\" data-element_type=\"column\" data-e-type=\"column\">\n\t\t\t<div class=\"elementor-widget-wrap elementor-element-populated\">\n\t\t\t\t\t\t<div class=\"elementor-element elementor-element-c9e5991 animated-fast cea-tablet-align-center cea-align-center elementor-invisible elementor-widget elementor-widget-ceasectiontitle\" data-id=\"c9e5991\" data-element_type=\"widget\" data-e-type=\"widget\" data-settings=\"{&quot;_animation&quot;:&quot;fadeInUp&quot;}\" data-widget_type=\"ceasectiontitle.default\">\n\t\t\t\t<div class=\"elementor-widget-container\">\n\t\t\t\t\t<div class=\"section-title-wrapper\"><div class=\"title-wrap\"><h2 class=\"section-title\">Hitta hit<\/h2><\/div><!-- .title-wrap --><div class=\"section-description\"><\/div><!-- .section-description --><\/div><!-- .section-title-wrapper -->\t\t\t\t<\/div>\n\t\t\t\t<\/div>\n\t\t\t\t<div class=\"elementor-element elementor-element-7af004b elementor-widget elementor-widget-html\" data-id=\"7af004b\" data-element_type=\"widget\" data-e-type=\"widget\" data-widget_type=\"html.default\">\n\t\t\t\t<div class=\"elementor-widget-container\">\n\t\t\t\t\t<iframe src=\"https:\/\/www.google.com\/maps\/embed?pb=!1m18!1m12!1m3!1d4070.285368144278!2d18.060798579404313!3d59.330571626636846!2m3!1f0!2f0!3f0!3m2!1i1024!2i768!4f13.1!3m3!1m2!1s0x465f9f2d695af359%3A0x1b11c3a39ccdeb71!2sNotarius%20Publicus%20-%20Apostille24!5e0!3m2!1ssv!2sse!4v1662625912226!5m2!1ssv!2sse\" width=\"600\" height=\"450\" style=\"border: 0px; pointer-events: none;\" allowfullscreen=\"\" loading=\"lazy\" referrerpolicy=\"no-referrer-when-downgrade\"><\/iframe>\t\t\t\t<\/div>\n\t\t\t\t<\/div>\n\t\t\t\t\t<\/div>\n\t\t<\/div>\n\t\t\t\t\t<\/div>\n\t\t<\/section>\n\t\t\t\t<\/div>\n\t\t","protected":false},"excerpt":{"rendered":"<p>Apostille24 Notary Public \u00d6rebro \u2013 Fast, Simple, and Digital Kontakta Oss \u00d6rebro, with its rich history and vibrant city life,..<\/p>\n","protected":false},"author":6,"featured_media":0,"parent":0,"menu_order":0,"comment_status":"closed","ping_status":"closed","template":"","meta":{"_acf_changed":false,"footnotes":""},"class_list":["post-38618","page","type-page","status-publish","hentry"],"acf":[],"_links":{"self":[{"href":"https:\/\/apostille24.utvmiljo.se\/en\/wp-json\/wp\/v2\/pages\/38618","targetHints":{"allow":["GET"]}}],"collection":[{"href":"https:\/\/apostille24.utvmiljo.se\/en\/wp-json\/wp\/v2\/pages"}],"about":[{"href":"https:\/\/apostille24.utvmiljo.se\/en\/wp-json\/wp\/v2\/types\/page"}],"author":[{"embeddable":true,"href":"https:\/\/apostille24.utvmiljo.se\/en\/wp-json\/wp\/v2\/users\/6"}],"replies":[{"embeddable":true,"href":"https:\/\/apostille24.utvmiljo.se\/en\/wp-json\/wp\/v2\/comments?post=38618"}],"version-history":[{"count":9,"href":"https:\/\/apostille24.utvmiljo.se\/en\/wp-json\/wp\/v2\/pages\/38618\/revisions"}],"predecessor-version":[{"id":40203,"href":"https:\/\/apostille24.utvmiljo.se\/en\/wp-json\/wp\/v2\/pages\/38618\/revisions\/40203"}],"wp:attachment":[{"href":"https:\/\/apostille24.utvmiljo.se\/en\/wp-json\/wp\/v2\/media?parent=38618"}],"curies":[{"name":"wp","href":"https:\/\/api.w.org\/{rel}","templated":true}]}}